{"id":5898,"date":"2020-12-07T05:30:53","date_gmt":"2020-12-07T05:30:53","guid":{"rendered":"https:\/\/viladoconde.com\/?post_type=product&#038;p=5898"},"modified":"2020-12-07T05:38:01","modified_gmt":"2020-12-07T05:38:01","slug":"vila-do-conde-ponte-sobre-o-ave-e-praca-hintze-ribeiro-postal","status":"publish","type":"product","link":"https:\/\/viladoconde.com\/es\/produto\/vila-do-conde-ponte-sobre-o-ave-e-praca-hintze-ribeiro-postal\/","title":{"rendered":"Vila do Conde &#8211; Ponte sobre o Ave e Pra\u00e7a Hintze Ribeiro &#8211; postal"},"content":{"rendered":"","protected":false},"excerpt":{"rendered":"<p><strong>Edi\u00e7\u00e3o\/Colec\u00e7\u00e3o<\/strong>: Union Postale Universelle (colorido)<br \/>\n<strong>Descri\u00e7\u00e3o<\/strong>: postal da ponte met\u00e1lica e da Pra\u00e7a Hintze Ribeiro (Pra\u00e7a da Rep\u00fablica)<\/p>\n","protected":false},"featured_media":5886,"template":"","meta":[],"product_cat":[73],"product_tag":[274,263,111,76,152],"class_list":["post-5898","product","type-product","status-publish","has-post-thumbnail","hentry","product_cat-postais-fotos-imagens","product_tag-colorido","product_tag-mosteiro-de-santa-clara","product_tag-ponte","product_tag-terreiro","product_tag-upu"],"_links":{"self":[{"href":"https:\/\/viladoconde.com\/es\/wp-json\/wp\/v2\/product\/5898","targetHints":{"allow":["GET"]}}],"collection":[{"href":"https:\/\/viladoconde.com\/es\/wp-json\/wp\/v2\/product"}],"about":[{"href":"https:\/\/viladoconde.com\/es\/wp-json\/wp\/v2\/types\/product"}],"wp:featuredmedia":[{"embeddable":true,"href":"https:\/\/viladoconde.com\/es\/wp-json\/wp\/v2\/media\/5886"}],"wp:attachment":[{"href":"https:\/\/viladoconde.com\/es\/wp-json\/wp\/v2\/media?parent=5898"}],"wp:term":[{"taxonomy":"product_cat","embeddable":true,"href":"https:\/\/viladoconde.com\/es\/wp-json\/wp\/v2\/product_cat?post=5898"},{"taxonomy":"product_tag","embeddable":true,"href":"https:\/\/viladoconde.com\/es\/wp-json\/wp\/v2\/product_tag?post=5898"}],"curies":[{"name":"wp","href":"https:\/\/api.w.org\/{rel}","templated":true}]}}