{"id":6227,"date":"2021-03-28T21:00:35","date_gmt":"2021-03-28T21:00:35","guid":{"rendered":"https:\/\/viladoconde.com\/?post_type=product&#038;p=6227"},"modified":"2021-03-29T12:49:24","modified_gmt":"2021-03-29T12:49:24","slug":"in-memoriam-de-rodarval","status":"publish","type":"product","link":"https:\/\/viladoconde.com\/es\/produto\/in-memoriam-de-rodarval\/","title":{"rendered":"In Memoriam de Rodarval"},"content":{"rendered":"","protected":false},"excerpt":{"rendered":"<p><strong>Autor<\/strong>: Joaquim Pacheco Neves<br \/>\n<strong>Ano<\/strong>: 1958<br \/>\n<strong>Descri\u00e7\u00e3o<\/strong>: parte de uma s\u00e9rie de publica\u00e7\u00f5es referentes \u00e0 constru\u00e7\u00e3o da creche de <a href=\"https:\/\/viladoconde.com\/\" target=\"_blank\" rel=\"noopener\">Vila do Conde<\/a>. Rodarval era o pseud\u00f3nimo de Bento Amorim.<\/p>\n","protected":false},"featured_media":6190,"template":"","meta":[],"product_cat":[148],"product_tag":[292],"class_list":["post-6227","product","type-product","status-publish","has-post-thumbnail","hentry","product_cat-livros-publicacoes","product_tag-creche"],"_links":{"self":[{"href":"https:\/\/viladoconde.com\/es\/wp-json\/wp\/v2\/product\/6227","targetHints":{"allow":["GET"]}}],"collection":[{"href":"https:\/\/viladoconde.com\/es\/wp-json\/wp\/v2\/product"}],"about":[{"href":"https:\/\/viladoconde.com\/es\/wp-json\/wp\/v2\/types\/product"}],"wp:featuredmedia":[{"embeddable":true,"href":"https:\/\/viladoconde.com\/es\/wp-json\/wp\/v2\/media\/6190"}],"wp:attachment":[{"href":"https:\/\/viladoconde.com\/es\/wp-json\/wp\/v2\/media?parent=6227"}],"wp:term":[{"taxonomy":"product_cat","embeddable":true,"href":"https:\/\/viladoconde.com\/es\/wp-json\/wp\/v2\/product_cat?post=6227"},{"taxonomy":"product_tag","embeddable":true,"href":"https:\/\/viladoconde.com\/es\/wp-json\/wp\/v2\/product_tag?post=6227"}],"curies":[{"name":"wp","href":"https:\/\/api.w.org\/{rel}","templated":true}]}}