{"id":699,"date":"2019-03-25T01:44:07","date_gmt":"2019-03-25T01:44:07","guid":{"rendered":"https:\/\/viladoconde.com\/?post_type=product&#038;p=699"},"modified":"2021-01-17T08:30:21","modified_gmt":"2021-01-17T08:30:21","slug":"villa-do-conde-gravura","status":"publish","type":"product","link":"https:\/\/viladoconde.com\/es\/produto\/villa-do-conde-gravura\/","title":{"rendered":"Villa do Conde &#8211; gravura"},"content":{"rendered":"","protected":false},"excerpt":{"rendered":"<p><strong>Descri\u00e7\u00e3o<\/strong>: Gravura do rio Ave, Mosteiro de Santa Clara, Terreiro, ponte de madeira e zona envolvente. Reflecte o que poder\u00edamos ver nestes espa\u00e7os na d\u00e9cada de 1870.<\/p>\n","protected":false},"featured_media":4303,"template":"","meta":[],"product_cat":[73],"product_tag":[74,77,75,76],"class_list":["post-699","product","type-product","status-publish","has-post-thumbnail","hentry","product_cat-postais-fotos-imagens","product_tag-mosteiro","product_tag-ponte-madeira","product_tag-rio","product_tag-terreiro"],"_links":{"self":[{"href":"https:\/\/viladoconde.com\/es\/wp-json\/wp\/v2\/product\/699","targetHints":{"allow":["GET"]}}],"collection":[{"href":"https:\/\/viladoconde.com\/es\/wp-json\/wp\/v2\/product"}],"about":[{"href":"https:\/\/viladoconde.com\/es\/wp-json\/wp\/v2\/types\/product"}],"wp:featuredmedia":[{"embeddable":true,"href":"https:\/\/viladoconde.com\/es\/wp-json\/wp\/v2\/media\/4303"}],"wp:attachment":[{"href":"https:\/\/viladoconde.com\/es\/wp-json\/wp\/v2\/media?parent=699"}],"wp:term":[{"taxonomy":"product_cat","embeddable":true,"href":"https:\/\/viladoconde.com\/es\/wp-json\/wp\/v2\/product_cat?post=699"},{"taxonomy":"product_tag","embeddable":true,"href":"https:\/\/viladoconde.com\/es\/wp-json\/wp\/v2\/product_tag?post=699"}],"curies":[{"name":"wp","href":"https:\/\/api.w.org\/{rel}","templated":true}]}}